{"id":679,"date":"2026-03-04T10:56:21","date_gmt":"2026-03-04T10:56:21","guid":{"rendered":"https:\/\/oxybiotis.ch\/privacy-policy\/"},"modified":"2026-03-26T10:24:33","modified_gmt":"2026-03-26T10:24:33","slug":"privacy-policy","status":"publish","type":"page","link":"https:\/\/oxybiotis.ch\/it\/privacy-policy\/","title":{"rendered":"Privacy Policy"},"content":{"rendered":"\r\n<p><strong>Informativa sulla privacy relativa al trattamento dei dati personali<\/strong><\/p>\r\n<p>In conformit\u00e0 con la Legge federale sulla protezione dei dati (LPD), vi forniamo le informazioni necessarie relative al trattamento dei dati personali raccolti <strong>durante la vostra navigazione sul nostro sito web https:\/\/oxybiotis.ch<\/strong><\/p>\r\n<ol>\r\n<li><strong>CATEGORIE DI DATI PERSONALI OGGETTO DEL TRATTAMENTO | DEFINIZIONI<\/strong><\/li>\r\n<\/ol>\r\n<p>I dati personali forniti \u2013 o comunque acquisiti in conformit\u00e0 alle disposizioni legali e contrattuali vigenti \u2013 inerenti, connessi e\/o strumentali alla valutazione della tua esperienza sul nostro sito, saranno trattati in conformit\u00e0 alla LPD e agli obblighi di riservatezza. Di seguito sono riportate alcune definizioni per aiutarti a comprendere meglio la presente informativa:<br \/>Dati personali: qualsiasi informazione relativa a una persona identificata o identificabile. In particolare,<strong> tratteremo i seguenti dati personali:<\/strong> dati di navigazione (per ulteriori informazioni sui dati raccolti tramite i cookie, consultare la Politica sui cookie); dati forniti volontariamente dall\u2019utente (tramite l\u2019invio del modulo nella pagina \u201cContatti\u201d di questo sito, quali: nome, cognome, indirizzo e-mail, numero di telefono).<br \/><strong>Interessati<\/strong>: persone fisiche o giuridiche i cui dati sono oggetto di trattamento (di seguito denominati anche &#8220;voi&#8221;).<br \/><strong>Trattamento<\/strong>: qualsiasi operazione relativa ai dati personali, indipendentemente dai mezzi e dalle procedure adottate, e in particolare la raccolta, la conservazione, l&#8217;utilizzo, la consultazione, la comunicazione, l&#8217;archiviazione o la distruzione dei dati.<br \/><strong>Comunicazione<\/strong>: ovvero rendere accessibili i dati personali, ad esempio consentendone l&#8217;accesso, la trasmissione o la pubblicazione.<\/p>\r\n<ol start=\"2\">\r\n<li><strong>IDENTIT\u00c0 E RECAPITI DEL TITOLARE DEL TRATTAMENTO<\/strong><\/li>\r\n<\/ol>\r\n<p>Il titolare del trattamento, che determina le finalit\u00e0 e le modalit\u00e0 del presente trattamento dei dati personali, \u00e8 <strong>OXYBIOTIS<\/strong>, CHE-266.654.251, 24 Chemin des Vignettes, 1008 Jouxtens-M\u00e9zery, Svizzera, rappresentata dalle persone autorizzate a firmare in conformit\u00e0 con le iscrizioni nel Registro di commercio cantonale (di seguito denominata anche \u00abTitolare del trattamento\u00bb o \u00abSociet\u00e0\u00bb o \u00abnoi\u00bb).<\/p>\r\n<p>I recapiti del Titolare del trattamento sono i seguenti: <a href=\"mailto:info@oxybiotis.ch\">info@oxybiotis.ch<\/a><\/p>\r\n<ol start=\"3\">\r\n<li><strong>FINALIT\u00c0 DEL TRATTAMENTO | PERIODO DI CONSERVAZIONE DEI DATI<\/strong><\/li>\r\n<\/ol>\r\n<table width=\"100%\">\r\n<thead>\r\n<tr>\r\n<td>\r\n<p><strong>FINALIT\u00c0 DEL TRATTAMENTO | GIUSTIFICAZIONE<\/strong><\/p>\r\n<\/td>\r\n<td>\r\n<p><strong>PERIODO DI CONSERVAZIONE DEI DATI<\/strong><\/p>\r\n<\/td>\r\n<\/tr>\r\n<\/thead>\r\n<tbody>\r\n<tr>\r\n<td>\r\n<p>a) Attivit\u00e0 strettamente necessarie per la navigazione dell&#8217;utente su questo sito web e per verificarne il corretto funzionamento.<\/p>\r\n<p>Va precisato che i sistemi informatici utilizzati per il funzionamento di questo sito acquisiscono, nel corso del loro normale funzionamento, alcuni dati personali la cui trasmissione \u00e8 implicita nell\u2019uso dei protocolli di comunicazione di Internet. In questa categoria di dati rientrano gli indirizzi IP o i nomi a dominio dei computer e dei terminali utilizzati dagli utenti, gli indirizzi URI\/URL (Uniform Resource Identifier\/Locator) delle risorse richieste, l\u2019ora della richiesta, il metodo utilizzato per sottoporre la richiesta al server, la dimensione del file ottenuto in risposta, il codice numerico indicante lo stato della risposta data dal server (buon fine, errore, ecc.) e altri parametri relativi al sistema operativo e all\u2019ambiente informatico dell\u2019utente.<br \/><br \/><\/p>\r\n<p>&nbsp;<\/p>\r\n<\/td>\r\n<td>\r\n<p>I dati saranno conservati fino al termine della sessione di navigazione.<\/p>\r\n<p>FPer ulteriori informazioni sui dati trattati tramite i cookie tecnici, si prega di consultare la nostra <a href=\"https:\/\/oxybiotis.ch\/it\/cookie-policy\/\">Informativa sui cookie<\/a><\/p>\r\n<\/td>\r\n<\/tr>\r\n<tr>\r\n<td>\r\n<p>b) Ottenere informazioni statistiche anonime sull&#8217;utilizzo del sito.<\/p>\r\n<\/td>\r\n<td>\r\n<p>\u00a0Consulta la nostra <a href=\"https:\/\/oxybiotis.ch\/it\/cookie-policy\/\">Cookie Policy<\/a><\/p>\r\n<\/td>\r\n<\/tr>\r\n<tr>\r\n<td>\r\n<p>c) Gestire le richieste di contatto ricevute<\/p>\r\n<\/td>\r\n<td>\r\n<p>I dati saranno conservati per un anno a partire dalla ricezione della richiesta<\/p>\r\n<\/td>\r\n<\/tr>\r\n<\/tbody>\r\n<\/table>\r\n<p><strong>3.1 METODI DI ELABORAZIONE DEI DATI<\/strong><\/p>\r\n<p>Il trattamento sar\u00e0 effettuato con modalit\u00e0 e strumenti volti a garantire la massima sicurezza e riservatezza, da parte di soggetti appositamente formati. I dati personali raccolti saranno conservati in una forma che consenta l&#8217;identificazione degli interessati per un periodo di tempo non superiore a quello necessario al raggiungimento delle finalit\u00e0 per le quali i dati personali sono trattati.<\/p>\r\n<ol start=\"4\">\r\n<li><strong>DESTINATARI DEI DATI PERSONALI<\/strong><\/li>\r\n<\/ol>\r\n<p>Potremmo condividere i dati personali con dipendenti e\/o personale che agisce sotto l&#8217;autorit\u00e0 del Titolare del trattamento (debitamente istruito a tal fine), nonch\u00e9 con soggetti terzi legati a <strong>OXYBIOTIS<\/strong> da un rapporto contrattuale, al fine di adempiere agli obblighi contrattuali e perseguire una o pi\u00f9 delle finalit\u00e0 del trattamento sopra menzionate. Tali soggetti terzi tratteranno i dati forniti in qualit\u00e0 di responsabili del trattamento o di titolari del trattamento autonomi. In particolare, potremmo condividere i dati personali raccolti con le seguenti categorie di destinatari: a) soggetti che forniscono servizi relativi al funzionamento del presente sito web, del sistema informatico di <strong>OXYBIOTIS<\/strong> e delle reti di telecomunicazione (ad es. provider di hosting, webmaster); b) societ\u00e0 di assistenza e consulenza (ad es. agenzie web); c) autorit\u00e0 competenti per l\u2019adempimento di obblighi di legge e\/o disposizioni di enti pubblici, su richiesta.<br \/><br \/><\/p>\r\n<p>&nbsp;<\/p>\r\n<ol start=\"5\">\r\n<li><strong>TRASFERIMENTO DI DATI PERSONALI AL DI FUORI DELLA CONFEDERAZIONE<\/strong><\/li>\r\n<\/ol>\r\n<p>Il sito web ha sede in Svizzera (hosting) e i dati personali trattati non saranno trasmessi al di fuori della Svizzera.<br \/>Va tuttavia precisato che, in caso di comunicazione di dati personali verso paesi esteri, il trasferimento avverr\u00e0 in conformit\u00e0 alle disposizioni della LPD e dell\u2019Ordinanza sulla protezione dei dati (OPDa) e, in particolare, sulla base di quanto segue:<\/p>\r\n<ul>\r\n<li>\r\n<p>in presenza di adeguate garanzie, in questo caso misure contrattuali, volte ad assicurare un&#8217;adeguata protezione all&#8217;estero. L&#8217;elenco dei cosiddetti paesi adeguati \u00e8 consultabile qui: <a href=\"https:\/\/www.edoeb.admin.ch\/dam\/edoeb\/fr\/dokumente\/2021\/20211115_Staatenliste_f.pdf.download.pdf\/20211115_Staatenliste_f.pdf\">https:\/\/www.edoeb.admin.ch\/dam\/edoeb\/fr\/dokumente\/2021\/20211115_Staatenliste_f.pdf.download.pdf\/20211115_Staatenliste_f.pdf<\/a> ;<br \/>\u2022 il trattamento \u00e8 direttamente connesso alla conclusione o all\u2019esecuzione di un contratto e i dati oggetto del trattamento riguardano l\u2019altra parte;<br \/>\u2022 la comunicazione avviene all\u2019interno della stessa persona giuridica o societ\u00e0 o tra persone giuridiche o societ\u00e0 sotto un\u2019unica direzione, a condizione che il mittente e il destinatario rispettino le norme volte a garantire un\u2019adeguata protezione dei dati.<br \/><br \/><\/p>\r\n<p>&nbsp;<\/p>\r\n<\/li>\r\n<\/ul>\r\n<ol start=\"6\">\r\n<li><strong>DIRITTI DELL&#8217;INTERESSATO<\/strong><\/li>\r\n<\/ol>\r\n<p>Ai sensi della LPD, il Titolare del trattamento garantisce i seguenti diritti (elenco non esaustivo):<\/p>\r\n<ul>\r\n<li>\r\n<p>ottenere dal titolare del trattamento la conferma dell&#8217;esistenza o meno di un trattamento di dati personali che la riguardano e, in caso affermativo, ottenere l&#8217;accesso a tali dati (Diritto di accesso);<br \/>\u2022 ottenere la rettifica dei dati personali inesatti o non aggiornati;<br \/>\u2022 essere informato per iscritto e gratuitamente in caso di trattamento di dati personali che la riguardano;<br \/>\u2022 impedire la comunicazione di dati personali sensibili a terzi;<br \/>\u2022 ottenere la portabilit\u00e0 dei dati personali o richiederne il trasferimento a un terzo;<br \/>\u2022 esigere la limitazione o il blocco del trattamento dei dati, l\u2019impedimento della divulgazione dei dati a terzi o la rettifica o la distruzione dei dati personali;<br \/>\u2022 richiedere il divieto di specifici trattamenti di dati personali e di specifiche divulgazioni di dati personali a terzi o la cancellazione o la distruzione di determinati dati personali;<br \/>\u2022 qualora non sia possibile dimostrare n\u00e9 la correttezza n\u00e9 l\u2019inesattezza dei dati personali, richiedere l\u2019aggiunta di una nota che indichi la contestazione;<br \/>\u2022 richiedere che la rettifica, la distruzione, il blocco, in particolare la comunicazione a terzi, oltre alla nota sulla contestazione o alla sentenza, siano comunicati a terzi o pubblicati;<br \/>\u2022 far dichiarare illegale il trattamento dei dati personali.<br \/><br \/><\/p>\r\n<p><br \/>Fatti salvi eventuali altri rimedi amministrativi e giudiziari, qualora l&#8217;utente ritenga che il trattamento dei dati che lo riguardano violi le disposizioni della LPD, ha il diritto di presentare un reclamo all&#8217;autorit\u00e0 di controllo competente (Incaricato federale della protezione dei dati e dell&#8217;informazione).<br \/>\u00c8 possibile esercitare i diritti previsti dalla LPD contattando il titolare del trattamento scrivendo agli indirizzi sopra indicati.<br \/><br \/><\/p>\r\n<p>&nbsp;<\/p>\r\n<\/li>\r\n<\/ul>\r\n<ol start=\"7\">\r\n<li><strong>INFORMAZIONI AGGIUNTIVE | MODIFICHE | AGGIORNAMENTI<\/strong><\/li>\r\n<\/ol>\r\n<p><strong>Collegamenti esterni e social media<\/strong><br \/>Il presente sito web pu\u00f2 contenere collegamenti ad altri siti. Si prega di notare che non siamo responsabili delle politiche sulla privacy di tali siti. Invitiamo i nostri utenti a prestare attenzione quando lasciano il nostro sito e a leggere le politiche sulla privacy di qualsiasi sito web che raccolga dati personali identificativi. La presente informativa sulla privacy si applica esclusivamente alle informazioni raccolte da questo sito web.<br \/>Sul nostro sito web, i social media (ad es. Facebook, Instagram) sono incorporati esclusivamente come link ai rispettivi servizi. Dopo aver cliccato sul link testuale\/grafico incorporato, sarete reindirizzati al sito web del rispettivo fornitore. I vostri dati saranno trasferiti solo dopo che sarete stati reindirizzati al rispettivo fornitore. Le informazioni sull&#8217;utilizzo dei vostri dati personali attraverso l&#8217;uso del sito web sono disponibili nelle informative sulla privacy dei social media che visitate.<br \/><strong>Modifiche e aggiornamenti<\/strong><br \/>Il Titolare del trattamento si riserva il diritto di rivedere, aggiornare, aggiungere o rimuovere qualsiasi parte della presente informativa sulla privacy a sua discrezione in qualsiasi momento. In caso di modifiche, verr\u00e0 indicata la data dell&#8217;aggiornamento.<br \/><strong>Data dell&#8217;ultimo aggiornamento<\/strong>: 12 marzo 2026<br \/><br \/><\/p>\r\n<p>&nbsp;<\/p>\r\n\r\n<p>&nbsp;<\/p>","protected":false},"excerpt":{"rendered":"<p>Informativa sulla privacy relativa al trattamento dei dati personali In  [&#8230;]<\/p>\n","protected":false},"author":1,"featured_media":0,"parent":0,"menu_order":0,"comment_status":"closed","ping_status":"open","template":"","meta":{"footnotes":""},"class_list":["post-679","page","type-page","status-publish","hentry"],"yoast_head":"<!-- This site is optimized with the Yoast SEO plugin v27.2 - https:\/\/yoast.com\/product\/yoast-seo-wordpress\/ -->\n<title>Privacy Policy - Oxybiotis<\/title>\n<meta name=\"robots\" content=\"index, follow, max-snippet:-1, max-image-preview:large, max-video-preview:-1\" \/>\n<link rel=\"canonical\" href=\"https:\/\/oxybiotis.ch\/it\/privacy-policy\/\" \/>\n<meta property=\"og:locale\" content=\"it_IT\" \/>\n<meta property=\"og:type\" content=\"article\" \/>\n<meta property=\"og:title\" content=\"Privacy Policy - Oxybiotis\" \/>\n<meta property=\"og:description\" content=\"Informativa sulla privacy relativa al trattamento dei dati personali In [...]\" \/>\n<meta property=\"og:url\" content=\"https:\/\/oxybiotis.ch\/it\/privacy-policy\/\" \/>\n<meta property=\"og:site_name\" content=\"Oxybiotis\" \/>\n<meta property=\"article:modified_time\" content=\"2026-03-26T10:24:33+00:00\" \/>\n<meta name=\"twitter:card\" content=\"summary_large_image\" \/>\n<meta name=\"twitter:label1\" content=\"Tempo di lettura stimato\" \/>\n\t<meta name=\"twitter:data1\" content=\"6 minuti\" \/>\n<script type=\"application\/ld+json\" class=\"yoast-schema-graph\">{\"@context\":\"https:\/\/schema.org\",\"@graph\":[{\"@type\":\"WebPage\",\"@id\":\"https:\/\/oxybiotis.ch\/it\/privacy-policy\/\",\"url\":\"https:\/\/oxybiotis.ch\/it\/privacy-policy\/\",\"name\":\"Privacy Policy - Oxybiotis\",\"isPartOf\":{\"@id\":\"https:\/\/oxybiotis.ch\/it\/#website\"},\"datePublished\":\"2026-03-04T10:56:21+00:00\",\"dateModified\":\"2026-03-26T10:24:33+00:00\",\"breadcrumb\":{\"@id\":\"https:\/\/oxybiotis.ch\/it\/privacy-policy\/#breadcrumb\"},\"inLanguage\":\"it-IT\",\"potentialAction\":[{\"@type\":\"ReadAction\",\"target\":[\"https:\/\/oxybiotis.ch\/it\/privacy-policy\/\"]}]},{\"@type\":\"BreadcrumbList\",\"@id\":\"https:\/\/oxybiotis.ch\/it\/privacy-policy\/#breadcrumb\",\"itemListElement\":[{\"@type\":\"ListItem\",\"position\":1,\"name\":\"Home\",\"item\":\"https:\/\/oxybiotis.ch\/it\/\"},{\"@type\":\"ListItem\",\"position\":2,\"name\":\"Privacy Policy\"}]},{\"@type\":\"WebSite\",\"@id\":\"https:\/\/oxybiotis.ch\/it\/#website\",\"url\":\"https:\/\/oxybiotis.ch\/it\/\",\"name\":\"Oxybiotis\",\"description\":\"\",\"publisher\":{\"@id\":\"https:\/\/oxybiotis.ch\/it\/#organization\"},\"potentialAction\":[{\"@type\":\"SearchAction\",\"target\":{\"@type\":\"EntryPoint\",\"urlTemplate\":\"https:\/\/oxybiotis.ch\/it\/?s={search_term_string}\"},\"query-input\":{\"@type\":\"PropertyValueSpecification\",\"valueRequired\":true,\"valueName\":\"search_term_string\"}}],\"inLanguage\":\"it-IT\"},{\"@type\":\"Organization\",\"@id\":\"https:\/\/oxybiotis.ch\/it\/#organization\",\"name\":\"Oxybiotis\",\"url\":\"https:\/\/oxybiotis.ch\/it\/\",\"logo\":{\"@type\":\"ImageObject\",\"inLanguage\":\"it-IT\",\"@id\":\"https:\/\/oxybiotis.ch\/it\/#\/schema\/logo\/image\/\",\"url\":\"https:\/\/oxybiotis.ch\/wp-content\/uploads\/2026\/03\/26-03-02-oxybiotis-desk-INGLESE_chi-siamo_logo.jpg\",\"contentUrl\":\"https:\/\/oxybiotis.ch\/wp-content\/uploads\/2026\/03\/26-03-02-oxybiotis-desk-INGLESE_chi-siamo_logo.jpg\",\"width\":353,\"height\":353,\"caption\":\"Oxybiotis\"},\"image\":{\"@id\":\"https:\/\/oxybiotis.ch\/it\/#\/schema\/logo\/image\/\"}}]}<\/script>\n<!-- \/ Yoast SEO plugin. -->","yoast_head_json":{"title":"Privacy Policy - Oxybiotis","robots":{"index":"index","follow":"follow","max-snippet":"max-snippet:-1","max-image-preview":"max-image-preview:large","max-video-preview":"max-video-preview:-1"},"canonical":"https:\/\/oxybiotis.ch\/it\/privacy-policy\/","og_locale":"it_IT","og_type":"article","og_title":"Privacy Policy - Oxybiotis","og_description":"Informativa sulla privacy relativa al trattamento dei dati personali In [...]","og_url":"https:\/\/oxybiotis.ch\/it\/privacy-policy\/","og_site_name":"Oxybiotis","article_modified_time":"2026-03-26T10:24:33+00:00","twitter_card":"summary_large_image","twitter_misc":{"Tempo di lettura stimato":"6 minuti"},"schema":{"@context":"https:\/\/schema.org","@graph":[{"@type":"WebPage","@id":"https:\/\/oxybiotis.ch\/it\/privacy-policy\/","url":"https:\/\/oxybiotis.ch\/it\/privacy-policy\/","name":"Privacy Policy - Oxybiotis","isPartOf":{"@id":"https:\/\/oxybiotis.ch\/it\/#website"},"datePublished":"2026-03-04T10:56:21+00:00","dateModified":"2026-03-26T10:24:33+00:00","breadcrumb":{"@id":"https:\/\/oxybiotis.ch\/it\/privacy-policy\/#breadcrumb"},"inLanguage":"it-IT","potentialAction":[{"@type":"ReadAction","target":["https:\/\/oxybiotis.ch\/it\/privacy-policy\/"]}]},{"@type":"BreadcrumbList","@id":"https:\/\/oxybiotis.ch\/it\/privacy-policy\/#breadcrumb","itemListElement":[{"@type":"ListItem","position":1,"name":"Home","item":"https:\/\/oxybiotis.ch\/it\/"},{"@type":"ListItem","position":2,"name":"Privacy Policy"}]},{"@type":"WebSite","@id":"https:\/\/oxybiotis.ch\/it\/#website","url":"https:\/\/oxybiotis.ch\/it\/","name":"Oxybiotis","description":"","publisher":{"@id":"https:\/\/oxybiotis.ch\/it\/#organization"},"potentialAction":[{"@type":"SearchAction","target":{"@type":"EntryPoint","urlTemplate":"https:\/\/oxybiotis.ch\/it\/?s={search_term_string}"},"query-input":{"@type":"PropertyValueSpecification","valueRequired":true,"valueName":"search_term_string"}}],"inLanguage":"it-IT"},{"@type":"Organization","@id":"https:\/\/oxybiotis.ch\/it\/#organization","name":"Oxybiotis","url":"https:\/\/oxybiotis.ch\/it\/","logo":{"@type":"ImageObject","inLanguage":"it-IT","@id":"https:\/\/oxybiotis.ch\/it\/#\/schema\/logo\/image\/","url":"https:\/\/oxybiotis.ch\/wp-content\/uploads\/2026\/03\/26-03-02-oxybiotis-desk-INGLESE_chi-siamo_logo.jpg","contentUrl":"https:\/\/oxybiotis.ch\/wp-content\/uploads\/2026\/03\/26-03-02-oxybiotis-desk-INGLESE_chi-siamo_logo.jpg","width":353,"height":353,"caption":"Oxybiotis"},"image":{"@id":"https:\/\/oxybiotis.ch\/it\/#\/schema\/logo\/image\/"}}]}},"_links":{"self":[{"href":"https:\/\/oxybiotis.ch\/it\/wp-json\/wp\/v2\/pages\/679","targetHints":{"allow":["GET"]}}],"collection":[{"href":"https:\/\/oxybiotis.ch\/it\/wp-json\/wp\/v2\/pages"}],"about":[{"href":"https:\/\/oxybiotis.ch\/it\/wp-json\/wp\/v2\/types\/page"}],"author":[{"embeddable":true,"href":"https:\/\/oxybiotis.ch\/it\/wp-json\/wp\/v2\/users\/1"}],"replies":[{"embeddable":true,"href":"https:\/\/oxybiotis.ch\/it\/wp-json\/wp\/v2\/comments?post=679"}],"version-history":[{"count":6,"href":"https:\/\/oxybiotis.ch\/it\/wp-json\/wp\/v2\/pages\/679\/revisions"}],"predecessor-version":[{"id":685,"href":"https:\/\/oxybiotis.ch\/it\/wp-json\/wp\/v2\/pages\/679\/revisions\/685"}],"wp:attachment":[{"href":"https:\/\/oxybiotis.ch\/it\/wp-json\/wp\/v2\/media?parent=679"}],"curies":[{"name":"wp","href":"https:\/\/api.w.org\/{rel}","templated":true}]}}